{"id":192,"date":"2014-09-30T15:43:42","date_gmt":"2014-09-30T12:43:42","guid":{"rendered":"http:\/\/www.itukylat.fi\/emasalo\/?page_id=192"},"modified":"2023-09-20T18:31:42","modified_gmt":"2023-09-20T15:31:42","slug":"midgard-emsalo-allmogeforening-r-f","status":"publish","type":"page","link":"https:\/\/www.emsalo.fi\/fi\/midgard-emsalo-allmogeforening-r-f\/","title":{"rendered":"Midg\u00e5rd"},"content":{"rendered":"<p>Varaukset ja tiedustelut:<\/p>\n<p><a href=\"https:\/\/www.eafmidgard.nsu.fi\/start\/\">www.eafmidgard.nsu.fi<\/a><\/p>\n<p>Mats Juslin &#8211; 040 5010 289<\/p>\n<p>Seuraintaloa vuokrataan juhlien, kokousten, kurssien ym. j\u00e4rjest\u00e4miseen. Vuokraaja Emsal\u00f6 Allmogef\u00f6rening rf.<\/p>\n<ul>\n<li>Suuri juhlasali<\/li>\n<li>N\u00e4ytt\u00e4m\u00f6<\/li>\n<li>Kahvila- ja tarjoilutilat 40 henkil\u00f6lle<\/li>\n<li>Hyvinvarusteltu keitti\u00f6<\/li>\n<li>Ruokailu- ja kahviastiasto 120 henkil\u00f6lle<\/li>\n<li>Wifi<\/li>\n<li>Wc<\/li>\n<li>Suuri piha-alue ja parkkipaikka<\/li>\n<li>Esteet\u00f6n sis\u00e4\u00e4nk\u00e4ynti<\/li>\n<\/ul>\n<p>&nbsp;<\/p>\n<p><strong>Osoite:<\/strong><\/p>\n<p>Em\u00e4salontie 644, 06950 Em\u00e4salo<\/p>\n<p>&nbsp;<\/p>\n<p><strong>Vuokrat<\/strong><\/p>\n<p>Koko tila<\/p>\n<ul>\n<li>Viikonloppu (perjantai &#8211; sunnuntai) &#8211; 400 \u20ac<\/li>\n<li>Ilta (3 tuntia) &#8211; 100 \u20ac<\/li>\n<\/ul>\n<p>Kokoukset kahvila- ja tarjoilutilassa<\/p>\n<ul>\n<li>Enint\u00e4\u00e4n 2 tuntia &#8211; 30 \u20ac<\/li>\n<\/ul>\n<h5>Ruokailu- ja kahviasiaston k\u00e4ytt\u00f6 kuuluu hintaan. Siivous ei kuulu hintaan, mutta voitte ostaa siivouspalvelun meid\u00e4n kauttamme.<\/h5>\n<p>&nbsp;<\/p>\n","protected":false},"excerpt":{"rendered":"<p>Varaukset ja tiedustelut: www.eafmidgard.nsu.fi Mats Juslin &#8211; 040 5010 289 Seuraintaloa vuokrataan juhlien, kokousten, kurssien ym. j\u00e4rjest\u00e4miseen. Vuokraaja Emsal\u00f6 Allmogef\u00f6rening rf. Suuri juhlasali N\u00e4ytt\u00e4m\u00f6 Kahvila- ja tarjoilutilat 40 henkil\u00f6lle Hyvinvarusteltu keitti\u00f6 Ruokailu- ja kahviastiasto 120 henkil\u00f6lle Wifi Wc Suuri piha-alue ja parkkipaikka Esteet\u00f6n sis\u00e4\u00e4nk\u00e4ynti &nbsp; Osoite: Em\u00e4salontie 644, 06950 Em\u00e4salo &nbsp; Vuokrat Koko tila Viikonloppu [&hellip;]<\/p>\n","protected":false},"author":6,"featured_media":0,"parent":0,"menu_order":0,"comment_status":"closed","ping_status":"closed","template":"","meta":{"footnotes":""},"class_list":["post-192","page","type-page","status-publish","hentry"],"_links":{"self":[{"href":"https:\/\/www.emsalo.fi\/fi\/wp-json\/wp\/v2\/pages\/192","targetHints":{"allow":["GET"]}}],"collection":[{"href":"https:\/\/www.emsalo.fi\/fi\/wp-json\/wp\/v2\/pages"}],"about":[{"href":"https:\/\/www.emsalo.fi\/fi\/wp-json\/wp\/v2\/types\/page"}],"author":[{"embeddable":true,"href":"https:\/\/www.emsalo.fi\/fi\/wp-json\/wp\/v2\/users\/6"}],"replies":[{"embeddable":true,"href":"https:\/\/www.emsalo.fi\/fi\/wp-json\/wp\/v2\/comments?post=192"}],"version-history":[{"count":10,"href":"https:\/\/www.emsalo.fi\/fi\/wp-json\/wp\/v2\/pages\/192\/revisions"}],"predecessor-version":[{"id":2918,"href":"https:\/\/www.emsalo.fi\/fi\/wp-json\/wp\/v2\/pages\/192\/revisions\/2918"}],"wp:attachment":[{"href":"https:\/\/www.emsalo.fi\/fi\/wp-json\/wp\/v2\/media?parent=192"}],"curies":[{"name":"wp","href":"https:\/\/api.w.org\/{rel}","templated":true}]}}