{"id":23,"date":"2014-06-16T15:39:20","date_gmt":"2014-06-16T12:39:20","guid":{"rendered":"http:\/\/www.itukylat.fi\/emasalo\/?page_id=23"},"modified":"2023-07-02T15:00:41","modified_gmt":"2023-07-02T12:00:41","slug":"etusivu-suomeksi","status":"publish","type":"page","link":"https:\/\/www.emsalo.fi\/fi\/","title":{"rendered":"Tutustu Em\u00e4saloon!"},"content":{"rendered":"<p>Em\u00e4salo on suuri saari Porvoon saaristossa, Suomenlahden toiseksi suurin, aivan ulkosaariston tuntumassa. Se on pohjois-etel\u00e4suunnassa 15 km pituinen ja leveimmill\u00e4\u00e4n noin viiden km levyinen. Em\u00e4salossa on nelj\u00e4 kyl\u00e4\u00e4, pohjoisesta lukien Em\u00e4salon kyl\u00e4, Orrby, Bengtsby ja Vaarlahden kyl\u00e4.<\/p>\n<p>Em\u00e4salon etel\u00e4puolella on viel\u00e4 Hakasalon saari, joka yhdess\u00e4 Em\u00e4salon kylien kanssa muodostaa Em\u00e4salon kyl\u00e4yhteis\u00f6n.<\/p>\n<p>Bengtsbyn keskell\u00e4 on <a href=\"https:\/\/www.emsalo.fi\/fi\/midgard-emsalo-allmogeforening-r-f\/\">seuratalo Midg\u00e5rd<\/a>, jossa j\u00e4rjestet\u00e4\u00e4n juhlia, teatteriesityksi\u00e4 ja juhannussalon nostot. Sit\u00e4 voi vuokrata yksityisten juhlien j\u00e4rjest\u00e4miseen. V\u00e4h\u00e4n edemp\u00e4n\u00e4 on <a href=\"https:\/\/www.emsalo.fi\/fi\/palvelua-emasalossa\/\">Em\u00e4salon Kyl\u00e4puoti<\/a>. Se on avoinna kes\u00e4t ja talvet, ja siin\u00e4 on my\u00f6s kahvila. Vaarlahden kyl\u00e4n pohjoisp\u00e4\u00e4ss\u00e4 on kappeli, jossa pidet\u00e4\u00e4n jumalanpalvelus kuukausittain. Sit\u00e4 voi vuokrata mm. vihki- ja kastetilaisuuksiin.<\/p>\n<p>Saaren pohjoisimmalla niemell\u00e4, Storn\u00e4suddenissa, on ulkoilualue, johon voi tulla veneell\u00e4kin. Aivan etel\u00e4ss\u00e4 on toinen ulkoilualue Varlaxuddenilla. N\u00e4it\u00e4 kumpaakin yll\u00e4pit\u00e4\u00e4 Uudenmaan Virkistysalueyhdistys (UUVI).<\/p>\n<p>Em\u00e4salossa toimii useita yrityksi\u00e4, joilta saa palveluksia moninaisiin tarpeisiin. Saaren pohjoisp\u00e4\u00e4ss\u00e4 on mm. Poukama, joka tarjoaa konferenssi-, virkistys- ja hotellipalveluja, ja jossa on kahvila Jemma. Kes\u00e4isin t\u00e4\u00e4ll\u00e4 pidet\u00e4\u00e4n kes\u00e4toria. Vanhan lauttasataman tuntumassa on Em\u00e4salon Merisataman polttoainemyynti ja grillikahvila.<\/p>\n<p>Em\u00e4salon l\u00e4nsipuolella kulkee syv\u00e4v\u00e4yl\u00e4 Suomenlahdelta Suomen suurimpaan satamaan, Kilpilahteen. Sinne liikenn\u00f6id\u00e4\u00e4n vilkkaasti tankkialuksilla. Em\u00e4salon etel\u00e4k\u00e4rjess\u00e4 on luotsiasema.<\/p>\n<p><a href=\"https:\/\/www.emsalo.fi\/wp-content\/uploads\/sites\/10\/2022\/06\/Emsalo-karta-2022.pdf\">Em\u00e4salo kartta 2022<\/a><\/p>\n<h4>Katsohan my\u00f6s <a href=\"https:\/\/www.emsalo.fi\/fi\/ajankohtaista\/\">AJANKOHTAISTA<\/a> mit\u00e4 siell\u00e4 on!<\/h4>\n<h6><a href=\"https:\/\/www.emsalo.fi\/wp-content\/uploads\/sites\/10\/2022\/06\/Emsalo-torg-11.6.2022.jpg\">N\u00e4kym\u00e4 kahvila Jemmasta<img loading=\"lazy\" decoding=\"async\" class=\"alignnone wp-image-2551 size-full\" src=\"https:\/\/www.emsalo.fi\/wp-content\/uploads\/sites\/10\/2022\/06\/Emsalo-torg-11.6.2022.jpg\" alt=\"\" width=\"4624\" height=\"2084\" data-id=\"2551\" srcset=\"https:\/\/www.emsalo.fi\/wp-content\/uploads\/sites\/10\/2022\/06\/Emsalo-torg-11.6.2022.jpg 4624w, https:\/\/www.emsalo.fi\/wp-content\/uploads\/sites\/10\/2022\/06\/Emsalo-torg-11.6.2022-300x135.jpg 300w, https:\/\/www.emsalo.fi\/wp-content\/uploads\/sites\/10\/2022\/06\/Emsalo-torg-11.6.2022-1024x462.jpg 1024w, https:\/\/www.emsalo.fi\/wp-content\/uploads\/sites\/10\/2022\/06\/Emsalo-torg-11.6.2022-768x346.jpg 768w, https:\/\/www.emsalo.fi\/wp-content\/uploads\/sites\/10\/2022\/06\/Emsalo-torg-11.6.2022-1536x692.jpg 1536w, https:\/\/www.emsalo.fi\/wp-content\/uploads\/sites\/10\/2022\/06\/Emsalo-torg-11.6.2022-2048x923.jpg 2048w\" sizes=\"auto, (max-width: 4624px) 100vw, 4624px\" \/><\/a><br \/>\nKuva: BN<\/h6>\n<h4><\/h4>\n","protected":false},"excerpt":{"rendered":"<p>Em\u00e4salo on suuri saari Porvoon saaristossa, Suomenlahden toiseksi suurin, aivan ulkosaariston tuntumassa. Se on pohjois-etel\u00e4suunnassa 15 km pituinen ja leveimmill\u00e4\u00e4n noin viiden km levyinen. Em\u00e4salossa on nelj\u00e4 kyl\u00e4\u00e4, pohjoisesta lukien Em\u00e4salon kyl\u00e4, Orrby, Bengtsby ja Vaarlahden kyl\u00e4. Em\u00e4salon etel\u00e4puolella on viel\u00e4 Hakasalon saari, joka yhdess\u00e4 Em\u00e4salon kylien kanssa muodostaa Em\u00e4salon kyl\u00e4yhteis\u00f6n. Bengtsbyn keskell\u00e4 on seuratalo [&hellip;]<\/p>\n","protected":false},"author":1,"featured_media":0,"parent":0,"menu_order":0,"comment_status":"closed","ping_status":"closed","template":"","meta":{"footnotes":""},"class_list":["post-23","page","type-page","status-publish","hentry"],"_links":{"self":[{"href":"https:\/\/www.emsalo.fi\/fi\/wp-json\/wp\/v2\/pages\/23","targetHints":{"allow":["GET"]}}],"collection":[{"href":"https:\/\/www.emsalo.fi\/fi\/wp-json\/wp\/v2\/pages"}],"about":[{"href":"https:\/\/www.emsalo.fi\/fi\/wp-json\/wp\/v2\/types\/page"}],"author":[{"embeddable":true,"href":"https:\/\/www.emsalo.fi\/fi\/wp-json\/wp\/v2\/users\/1"}],"replies":[{"embeddable":true,"href":"https:\/\/www.emsalo.fi\/fi\/wp-json\/wp\/v2\/comments?post=23"}],"version-history":[{"count":11,"href":"https:\/\/www.emsalo.fi\/fi\/wp-json\/wp\/v2\/pages\/23\/revisions"}],"predecessor-version":[{"id":2828,"href":"https:\/\/www.emsalo.fi\/fi\/wp-json\/wp\/v2\/pages\/23\/revisions\/2828"}],"wp:attachment":[{"href":"https:\/\/www.emsalo.fi\/fi\/wp-json\/wp\/v2\/media?parent=23"}],"curies":[{"name":"wp","href":"https:\/\/api.w.org\/{rel}","templated":true}]}}