{"id":2944,"date":"2023-10-04T13:30:07","date_gmt":"2023-10-04T10:30:07","guid":{"rendered":"https:\/\/www.emsalo.fi\/?page_id=2944"},"modified":"2024-04-12T07:36:34","modified_gmt":"2024-04-12T04:36:34","slug":"asuttavuus","status":"publish","type":"page","link":"https:\/\/www.emsalo.fi\/fi\/asuttavuus\/","title":{"rendered":"Asuttavuus"},"content":{"rendered":"<p>Keskustelutilaisuus saariston tulevaisuudesta<\/p>\n<p><iframe loading=\"lazy\" title=\"Porvoon saaristo - Borg\u00e5 sk\u00e4rg\u00e5rd - Keskustelutilaisuus Lyceiparkens skolanissa 10.4.2024 klo 17\" width=\"1280\" height=\"720\" src=\"https:\/\/www.youtube.com\/embed\/NBbj5viMlFU?feature=oembed\" frameborder=\"0\" allow=\"accelerometer; autoplay; clipboard-write; encrypted-media; gyroscope; picture-in-picture; web-share\" referrerpolicy=\"strict-origin-when-cross-origin\" allowfullscreen><\/iframe><\/p>\n<p>Kiitos!<\/p>\n<p><a href=\"https:\/\/www.emsalo.fi\/wp-content\/uploads\/sites\/10\/2024\/03\/Screenshot-2024-03-18-at-10.20.26.png\"><img loading=\"lazy\" decoding=\"async\" class=\"alignnone size-medium wp-image-3075\" src=\"https:\/\/www.emsalo.fi\/wp-content\/uploads\/sites\/10\/2024\/03\/Screenshot-2024-03-18-at-10.20.26-300x211.png\" alt=\"\" width=\"300\" height=\"211\" data-id=\"3075\" srcset=\"https:\/\/www.emsalo.fi\/wp-content\/uploads\/sites\/10\/2024\/03\/Screenshot-2024-03-18-at-10.20.26-300x211.png 300w, https:\/\/www.emsalo.fi\/wp-content\/uploads\/sites\/10\/2024\/03\/Screenshot-2024-03-18-at-10.20.26-1024x721.png 1024w, https:\/\/www.emsalo.fi\/wp-content\/uploads\/sites\/10\/2024\/03\/Screenshot-2024-03-18-at-10.20.26-768x541.png 768w, https:\/\/www.emsalo.fi\/wp-content\/uploads\/sites\/10\/2024\/03\/Screenshot-2024-03-18-at-10.20.26-1536x1082.png 1536w, https:\/\/www.emsalo.fi\/wp-content\/uploads\/sites\/10\/2024\/03\/Screenshot-2024-03-18-at-10.20.26.png 1920w\" sizes=\"auto, (max-width: 300px) 100vw, 300px\" \/><\/a><\/p>\n<p>Asuttavuusanalyysi on valmistumassa ja ty\u00f6ryhm\u00e4 esittelee tulokset Saari-illassa tiistaina 5.3.2024 klo.18.00 Poukamassa (Merisali). Esityksen j\u00e4lkeen on mahdollista esitt\u00e4\u00e4 kysymyksi\u00e4 ja keskustella aiheesta!<\/p>\n<p>Asuttavuusanalyysin yhteenveto: <a href=\"https:\/\/www.emsalo.fi\/wp-content\/uploads\/sites\/10\/2024\/03\/Emasalo-2023.pdf\">Ema\u0308salo 2023<\/a><\/p>\n<p>Toivomme kaikki saarelaiset, vapaa-ajan asukkaat sek\u00e4 kes\u00e4vieraat l\u00e4mpim\u00e4sti tervetuloa saari-iltaan!<\/p>\n<p><a href=\"https:\/\/www.emsalo.fi\/wp-content\/uploads\/sites\/10\/2024\/02\/bobarhet-050324-bild.png\"><img loading=\"lazy\" decoding=\"async\" class=\"alignnone size-medium wp-image-3015\" src=\"https:\/\/www.emsalo.fi\/wp-content\/uploads\/sites\/10\/2024\/02\/bobarhet-050324-bild-212x300.png\" alt=\"\" width=\"212\" height=\"300\" data-id=\"3015\" srcset=\"https:\/\/www.emsalo.fi\/wp-content\/uploads\/sites\/10\/2024\/02\/bobarhet-050324-bild-212x300.png 212w, https:\/\/www.emsalo.fi\/wp-content\/uploads\/sites\/10\/2024\/02\/bobarhet-050324-bild-724x1024.png 724w, https:\/\/www.emsalo.fi\/wp-content\/uploads\/sites\/10\/2024\/02\/bobarhet-050324-bild-768x1086.png 768w, https:\/\/www.emsalo.fi\/wp-content\/uploads\/sites\/10\/2024\/02\/bobarhet-050324-bild-1086x1536.png 1086w, https:\/\/www.emsalo.fi\/wp-content\/uploads\/sites\/10\/2024\/02\/bobarhet-050324-bild-1448x2048.png 1448w, https:\/\/www.emsalo.fi\/wp-content\/uploads\/sites\/10\/2024\/02\/bobarhet-050324-bild.png 1587w\" sizes=\"auto, (max-width: 212px) 100vw, 212px\" \/><\/a><\/p>\n<div id=\"attachment_2973\" style=\"width: 310px\" class=\"wp-caption alignnone\"><a href=\"https:\/\/www.emsalo.fi\/wp-content\/uploads\/sites\/10\/2023\/10\/bobarhet.jpeg\"><img loading=\"lazy\" decoding=\"async\" aria-describedby=\"caption-attachment-2973\" class=\"size-medium wp-image-2973\" src=\"https:\/\/www.emsalo.fi\/wp-content\/uploads\/sites\/10\/2023\/10\/bobarhet-300x225.jpeg\" alt=\"\u00d6tr\u00e4ff p\u00e5 Poukama \" width=\"300\" height=\"225\" data-id=\"2973\" srcset=\"https:\/\/www.emsalo.fi\/wp-content\/uploads\/sites\/10\/2023\/10\/bobarhet-300x225.jpeg 300w, https:\/\/www.emsalo.fi\/wp-content\/uploads\/sites\/10\/2023\/10\/bobarhet-1024x768.jpeg 1024w, https:\/\/www.emsalo.fi\/wp-content\/uploads\/sites\/10\/2023\/10\/bobarhet-768x576.jpeg 768w, https:\/\/www.emsalo.fi\/wp-content\/uploads\/sites\/10\/2023\/10\/bobarhet-1536x1152.jpeg 1536w, https:\/\/www.emsalo.fi\/wp-content\/uploads\/sites\/10\/2023\/10\/bobarhet.jpeg 2016w\" sizes=\"auto, (max-width: 300px) 100vw, 300px\" \/><\/a><p id=\"caption-attachment-2973\" class=\"wp-caption-text\">Saari-ilta Poukamassa lokakuussa 2023.<\/p><\/div>\n<p>Kiitos kaikille osallistujille keskiviikon Saari-iltaan!! Teit\u00e4 oli monta! Kiitos my\u00f6s Poukamalle kahvituksesta ja tekniikan j\u00e4rjest\u00e4misest\u00e4!<\/p>\n<p>Tietoa saaresta\/asuttavuudesta ja kommentteja otetaan mielell\u00e4\u00e4n vastaan:<\/p>\n<p><a href=\"mailto:emsalo.bobarhet@gmail.com\" target=\"_blank\" rel=\"noopener\">emsalo.bobarhet@gmail.com<\/a><\/p>\n<p>Syysterveisin, Asuttavuus projektin ty\u00f6ryhm\u00e4<\/p>\n<h3><strong>Taustaa<\/strong><\/h3>\n<p>\u00c5bo Akademi johtaa projektia siit\u00e4, millaista on asua saarilla Suomessa. Porvoossa Em\u00e4salo, Vess\u00f6 ja Pellinki osallistuvat yhdess\u00e4 hankkeeseen. Saarella asumisessa on omat haasteensa. Saaren tulee olla asuttava, jotta ihmiset viihtyisiv\u00e4t siell\u00e4. Yhteyksien, palvelujen ja ty\u00f6paikkojen tulee olla asukkaiden saatavilla. Em\u00e4salossa tulee olla houkuttelevaa ja viihtyis\u00e4\u00e4 asua.<\/p>\n<h3><strong>Meneill\u00e4 oleva kansalaistutkimus Em\u00e4salossa \u2013 asuttavuusanalyysi<\/strong><\/h3>\n<p>Asuttavuusanalyysi sis\u00e4lt\u00e4\u00e4 7 aluetta ja yhteens\u00e4 45 indikaattoria. N\u00e4m\u00e4 45 indikaattoria arvioivat suurelta osin kaikki me, jotka asumme saarella &#8211; vakituisesti tai osa-aikaisesti. Analyysiss\u00e4 kartoitetaan saaren v\u00e4est\u00f6\u00e4, identiteetti\u00e4, ekosysteemi\u00e4, makeaa vett\u00e4, energiaa, paikallistaloutta ja palvelujen saavutettavuutta. Faktojen (ei mielipiteiden) ker\u00e4\u00e4minen saarelaisilta antaa p\u00e4\u00e4syn tietoihin, joita ei muuten ole saatavilla.<\/p>\n<p>Kartoittaaksemme em\u00e4salolaisten &#8211; niin vakinaisten kuin osa-aikaisten &#8211; tietoa ja tuntemusta saarestamme, mm Em\u00e4salon perinneyhdistyksest\u00e4 (EAF), kyl\u00e4yhdistyksest\u00e4, kyl\u00e4kaupasta ja Poukamasta koostuvaty\u00f6ryhm\u00e4 tekee kyselyn, jossa ker\u00e4t\u00e4\u00e4n tietoa, miten em\u00e4salolaiset n\u00e4kev\u00e4t asumisen Em\u00e4salossa. Olemme saari huolimatta siltayhteydest\u00e4 mantereeseen. Ker\u00e4\u00e4mme faktoja, jotka muodostavat perustan laajemmalle kansalaistutkimukselle, jonka tuloksena syntyy perusteltu raportti siit\u00e4, kuinka asuttava Em\u00e4salon saari on.<\/p>\n<p>Ty\u00f6\u00a0huipentuu raporttiin saaren asuttavuudesta.<\/p>\n<h3><strong>Lis\u00e4tietoja asuttavuusanalyysista ja indikaattoreista l\u00f6yd\u00e4t osoitteesta:<\/strong><\/h3>\n<p><a href=\"https:\/\/www.abo.fi\/fi\/centret-for-livslangt-larande\/siaa-bobarhet\/\">https:\/\/www.abo.fi\/fi\/centret-for-livslangt-larande\/siaa-bobarhet\/<\/a><\/p>\n<p>&nbsp;<\/p>\n","protected":false},"excerpt":{"rendered":"<p>Keskustelutilaisuus saariston tulevaisuudesta Kiitos! Asuttavuusanalyysi on valmistumassa ja ty\u00f6ryhm\u00e4 esittelee tulokset Saari-illassa tiistaina 5.3.2024 klo.18.00 Poukamassa (Merisali). Esityksen j\u00e4lkeen on mahdollista esitt\u00e4\u00e4 kysymyksi\u00e4 ja keskustella aiheesta! Asuttavuusanalyysin yhteenveto: Ema\u0308salo 2023 Toivomme kaikki saarelaiset, vapaa-ajan asukkaat sek\u00e4 kes\u00e4vieraat l\u00e4mpim\u00e4sti tervetuloa saari-iltaan! Kiitos kaikille osallistujille keskiviikon Saari-iltaan!! Teit\u00e4 oli monta! Kiitos my\u00f6s Poukamalle kahvituksesta ja tekniikan j\u00e4rjest\u00e4misest\u00e4! [&hellip;]<\/p>\n","protected":false},"author":90,"featured_media":0,"parent":0,"menu_order":0,"comment_status":"closed","ping_status":"closed","template":"","meta":{"footnotes":""},"class_list":["post-2944","page","type-page","status-publish","hentry"],"_links":{"self":[{"href":"https:\/\/www.emsalo.fi\/fi\/wp-json\/wp\/v2\/pages\/2944","targetHints":{"allow":["GET"]}}],"collection":[{"href":"https:\/\/www.emsalo.fi\/fi\/wp-json\/wp\/v2\/pages"}],"about":[{"href":"https:\/\/www.emsalo.fi\/fi\/wp-json\/wp\/v2\/types\/page"}],"author":[{"embeddable":true,"href":"https:\/\/www.emsalo.fi\/fi\/wp-json\/wp\/v2\/users\/90"}],"replies":[{"embeddable":true,"href":"https:\/\/www.emsalo.fi\/fi\/wp-json\/wp\/v2\/comments?post=2944"}],"version-history":[{"count":11,"href":"https:\/\/www.emsalo.fi\/fi\/wp-json\/wp\/v2\/pages\/2944\/revisions"}],"predecessor-version":[{"id":3124,"href":"https:\/\/www.emsalo.fi\/fi\/wp-json\/wp\/v2\/pages\/2944\/revisions\/3124"}],"wp:attachment":[{"href":"https:\/\/www.emsalo.fi\/fi\/wp-json\/wp\/v2\/media?parent=2944"}],"curies":[{"name":"wp","href":"https:\/\/api.w.org\/{rel}","templated":true}]}}